{"id":4075,"date":"2024-03-31T00:01:23","date_gmt":"2024-03-31T00:01:23","guid":{"rendered":"https:\/\/fleuristeatropabelladonna.com\/product\/chocolats-ferrero\/"},"modified":"2024-03-31T00:01:23","modified_gmt":"2024-03-31T00:01:23","slug":"chocolats-ferrero","status":"publish","type":"product","link":"https:\/\/fleuristeatropabelladonna.com\/fr\/produit\/chocolats-ferrero\/","title":{"rendered":"Chocolats Ferrero"},"content":{"rendered":"","protected":false},"excerpt":{"rendered":"<p>Rendez leur cadeau encore plus d\u00e9licieux avec cette bo\u00eete de chocolats gourmands Ferrero ! 24 chocolats d\u00e9lectables, cette collection ajoute une touche de luxe et de plaisir \u00e0 toute occasion. Parfaits \u00e0 partager ou \u00e0 savourer en solo, ces chocolats sont un moyen classique de montrer que vous tenez \u00e0 eux.  <\/p>\n","protected":false},"featured_media":1338,"template":"","meta":{"om_disable_all_campaigns":false,"_monsterinsights_skip_tracking":false,"_monsterinsights_sitenote_active":false,"_monsterinsights_sitenote_note":"","_monsterinsights_sitenote_category":0,"_uf_show_specific_survey":0,"_uf_disable_surveys":false},"product_brand":[],"product_cat":[146,26],"product_tag":[147],"class_list":{"0":"post-4075","1":"product","2":"type-product","3":"status-publish","4":"has-post-thumbnail","6":"product_cat-non-categorise","7":"product_cat-uncategorised","8":"product_tag-supplements","10":"first","11":"instock","12":"taxable","13":"shipping-taxable","14":"purchasable","15":"product-type-simple"},"exclude_global_add_ons":false,"addons":[{"name":"Add Your Finishing Touches","type":"checkbox","position":0,"required":false,"title_format":"label","default":"","description_enable":false,"description":"","placeholder_enable":false,"placeholder":"","display":"select","restrictions_type":"any_text","adjust_price":false,"price":"","price_type":"flat_fee","restrictions":false,"min":"0","max":"0","options":[{"label":"Ferrero Rocher Asst Chocolates","price":"17","price_type":"flat_fee","image":0,"visibility":true},{"label":"Essential Oil Scented Candle","price":"25","price_type":"flat_fee","image":0,"visibility":true},{"label":"A set of Essential Oil Soaps, made in Montreal & a Wood Soap Dish","price":"32","price_type":"flat_fee","image":0,"visibility":true}],"id":1768341670}],"aioseo_notices":[],"jetpack_sharing_enabled":true,"_links":{"self":[{"href":"https:\/\/fleuristeatropabelladonna.com\/fr\/wp-json\/wp\/v2\/product\/4075","targetHints":{"allow":["GET"]}}],"collection":[{"href":"https:\/\/fleuristeatropabelladonna.com\/fr\/wp-json\/wp\/v2\/product"}],"about":[{"href":"https:\/\/fleuristeatropabelladonna.com\/fr\/wp-json\/wp\/v2\/types\/product"}],"wp:featuredmedia":[{"embeddable":true,"href":"https:\/\/fleuristeatropabelladonna.com\/fr\/wp-json\/wp\/v2\/media\/1338"}],"wp:attachment":[{"href":"https:\/\/fleuristeatropabelladonna.com\/fr\/wp-json\/wp\/v2\/media?parent=4075"}],"wp:term":[{"taxonomy":"product_brand","embeddable":true,"href":"https:\/\/fleuristeatropabelladonna.com\/fr\/wp-json\/wp\/v2\/product_brand?post=4075"},{"taxonomy":"product_cat","embeddable":true,"href":"https:\/\/fleuristeatropabelladonna.com\/fr\/wp-json\/wp\/v2\/product_cat?post=4075"},{"taxonomy":"product_tag","embeddable":true,"href":"https:\/\/fleuristeatropabelladonna.com\/fr\/wp-json\/wp\/v2\/product_tag?post=4075"}],"curies":[{"name":"wp","href":"https:\/\/api.w.org\/{rel}","templated":true}]}}