{"id":4050,"date":"2025-11-30T23:25:14","date_gmt":"2025-11-30T23:25:14","guid":{"rendered":"https:\/\/fleuristeatropabelladonna.com\/fleuriste-de-mariage-a-montreal-transformer-votre-journee-pour-honorer-votre-amour\/heureux-pour-toujours-en-pleine-floraison\/"},"modified":"2026-02-03T09:48:15","modified_gmt":"2026-02-03T09:48:15","slug":"heureux-pour-toujours-en-pleine-floraison","status":"publish","type":"page","link":"https:\/\/fleuristeatropabelladonna.com\/fr\/fleuriste-de-mariage-a-montreal-transformer-votre-journee-pour-honorer-votre-amour\/heureux-pour-toujours-en-pleine-floraison\/","title":{"rendered":"Heureux pour toujours en pleine floraison"},"content":{"rendered":"\n<p>L&rsquo;exp\u00e9rience Signature Lux offre une atmosph\u00e8re florale enti\u00e8rement r\u00e9alis\u00e9e pour les couples qui souhaitent que leur journ\u00e9e soit transform\u00e9e avec une intention totale. Con\u00e7u pour la c\u00e9r\u00e9monie et la r\u00e9ception, cet ensemble rehausse chaque instant avec une \u00e9l\u00e9gance sauvage, des palettes s\u00e9lectionn\u00e9es \u00e0 un flux de conception immersif. Avec une direction cr\u00e9ative suppl\u00e9mentaire, du temps sur place et un impact visuel plus complet, ce niveau est con\u00e7u pour ceux qui souhaitent que leur c\u00e9l\u00e9bration soit artistique, vaste et magnifiquement unifi\u00e9e.<\/p>\n\n<h2 class=\"wp-block-heading\">Les \u00e9l\u00e9ments floraux de votre exp\u00e9rience Signature Lux<br\/>Bouquet de mari\u00e9e<\/h2>\n\n<p>Un bouquet luxuriant et expressif con\u00e7u autour de blancs doux avec notre palette signature de roses tendres et de violets profonds. Raffin\u00e9, abondant et profond\u00e9ment personnel \u00e0 votre saison et \u00e0 votre histoire.<\/p>\n\n<p>Boutonni\u00e8re du mari\u00e9<\/p>\n\n<p>Un reflet soign\u00e9 du bouquet de la mari\u00e9e, int\u00e9grant ses \u00e9l\u00e9ments essentiels avec des d\u00e9tails personnalis\u00e9s.<\/p>\n\n<p>Fleurs pour le porteur d&rsquo;alliances et la demoiselle d&rsquo;honneur<\/p>\n\n<p>Une paire coh\u00e9rente de petits motifs : une boutonni\u00e8re ou un accent d&rsquo;oreiller pour le porteur d&rsquo;alliances, et un bouquet ou des p\u00e9tales pour la demoiselle d&rsquo;honneur, con\u00e7us pour s&rsquo;harmoniser avec votre palette.<\/p>\n\n<p>Conception florale en demi-arche<\/p>\n\n<p>Une conception d&rsquo;arche plus compl\u00e8te et plus spectaculaire couvrant une moiti\u00e9 de la structure. Textur\u00e9, expressif et con\u00e7u pour cr\u00e9er une pr\u00e9sence et un mouvement en toile de fond de votre c\u00e9r\u00e9monie et de vos photos.<\/p>\n\n<p>Conception de table d&rsquo;amour am\u00e9lior\u00e9e<\/p>\n\n<p>Une table plus abondante et superpos\u00e9e : des fleurs plus compl\u00e8tes, des textures plus riches et un style \u00e9lev\u00e9 qui ancre votre table comme le c\u0153ur visuel de la r\u00e9ception.<\/p>\n\n<p>Centres de table de r\u00e9ception (x10)<\/p>\n\n<p>Dix centres de table raffin\u00e9s et mod\u00e9r\u00e9ment complets qui cr\u00e9ent un flux et une harmonie dans tout votre espace de r\u00e9ception, con\u00e7us avec profondeur et \u00e9l\u00e9gance.<\/p>\n\n<p>Direction cr\u00e9ative et extras inclus<br\/>Visite des lieux<\/p>\n\n<p>Une visite pr\u00e9alable \u00e0 l&rsquo;\u00e9v\u00e9nement pour \u00e9valuer l&rsquo;\u00e9clairage, le flux, le placement et les possibilit\u00e9s de rehausser l&rsquo;espace.<\/p>\n\n<p>Tableau d&rsquo;ambiance et palette de couleurs<\/p>\n\n<p>Un guide visuel personnalis\u00e9 pr\u00e9sentant la palette, les textures et l&rsquo;orientation du style, garantissant que chaque \u00e9l\u00e9ment soit unifi\u00e9 et intentionnel.<\/p>\n\n<p>Temps de pr\u00e9paration prolong\u00e9<\/p>\n\n<p>Temps suppl\u00e9mentaire consacr\u00e9 \u00e0 l&rsquo;installation, au style et \u00e0 la mise au point pour garantir le plus haut niveau de finition.<\/p>\n\n<p><\/p>\n\n<hr class=\"wp-block-separator has-alpha-channel-opacity\"\/>\n\n<p>Que se passe-t-il ensuite<\/p>\n\n<p>Une fois votre date confirm\u00e9e, nous coordonnons la livraison, l&rsquo;installation prolong\u00e9e et le placement complet pour la c\u00e9r\u00e9monie et la r\u00e9ception. Nous recueillerons vos pr\u00e9f\u00e9rences, vos \u00e9l\u00e9ments symboliques et vos notes de conception, suivis de votre accord final.<\/p>\n\n<p>Cette exp\u00e9rience commence \u00e0 9\u202f300 $, incluant la conception florale, la livraison, l&rsquo;installation prolong\u00e9e, la visite des lieux et la direction cr\u00e9ative.<br\/>Les services s&rsquo;\u00e9tendent \u00e0 travers le Grand Montr\u00e9al et les environs\u00a0; les d\u00e9placements au-del\u00e0 de cette r\u00e9gion sont organis\u00e9s et confirm\u00e9s avant la r\u00e9servation.<\/p>\n\n<p>Une retenue de consultation de 50 $ est per\u00e7ue au moment du paiement et cr\u00e9dit\u00e9e \u00e0 votre solde final une fois que votre date et vos d\u00e9tails sont confirm\u00e9s.<\/p>\n\n<div class=\"wp-block-buttons is-layout-flex wp-block-buttons-is-layout-flex\">\n<div class=\"wp-block-button\"><a class=\"wp-block-button__link wp-element-button\" href=\"\/?add-to-cart=3555&amp;quantity=1\">R\u00e9servez votre exp\u00e9rience ici<\/a><\/div>\n<\/div>\n\n<p><\/p>\n","protected":false},"excerpt":{"rendered":"<p>L&rsquo;exp\u00e9rience Signature Lux offre une atmosph\u00e8re florale enti\u00e8rement r\u00e9alis\u00e9e pour les couples qui souhaitent que leur journ\u00e9e soit transform\u00e9e avec une intention totale. Con\u00e7u pour la c\u00e9r\u00e9monie et la r\u00e9ception, cet ensemble rehausse chaque instant avec une \u00e9l\u00e9gance sauvage, des palettes s\u00e9lectionn\u00e9es \u00e0 un flux de conception immersif. Avec une direction cr\u00e9ative suppl\u00e9mentaire, du temps [&hellip;]<\/p>\n","protected":false},"author":1,"featured_media":0,"parent":4025,"menu_order":2,"comment_status":"closed","ping_status":"closed","template":"","meta":{"om_disable_all_campaigns":false,"_monsterinsights_skip_tracking":false,"_monsterinsights_sitenote_active":false,"_monsterinsights_sitenote_note":"","_monsterinsights_sitenote_category":0,"_uf_show_specific_survey":0,"_uf_disable_surveys":false,"footnotes":""},"class_list":["post-4050","page","type-page","status-publish","hentry"],"aioseo_notices":[],"jetpack_sharing_enabled":true,"_links":{"self":[{"href":"https:\/\/fleuristeatropabelladonna.com\/fr\/wp-json\/wp\/v2\/pages\/4050","targetHints":{"allow":["GET"]}}],"collection":[{"href":"https:\/\/fleuristeatropabelladonna.com\/fr\/wp-json\/wp\/v2\/pages"}],"about":[{"href":"https:\/\/fleuristeatropabelladonna.com\/fr\/wp-json\/wp\/v2\/types\/page"}],"author":[{"embeddable":true,"href":"https:\/\/fleuristeatropabelladonna.com\/fr\/wp-json\/wp\/v2\/users\/1"}],"replies":[{"embeddable":true,"href":"https:\/\/fleuristeatropabelladonna.com\/fr\/wp-json\/wp\/v2\/comments?post=4050"}],"version-history":[{"count":1,"href":"https:\/\/fleuristeatropabelladonna.com\/fr\/wp-json\/wp\/v2\/pages\/4050\/revisions"}],"predecessor-version":[{"id":4051,"href":"https:\/\/fleuristeatropabelladonna.com\/fr\/wp-json\/wp\/v2\/pages\/4050\/revisions\/4051"}],"up":[{"embeddable":true,"href":"https:\/\/fleuristeatropabelladonna.com\/fr\/wp-json\/wp\/v2\/pages\/4025"}],"wp:attachment":[{"href":"https:\/\/fleuristeatropabelladonna.com\/fr\/wp-json\/wp\/v2\/media?parent=4050"}],"curies":[{"name":"wp","href":"https:\/\/api.w.org\/{rel}","templated":true}]}}