{"id":3985,"date":"2023-04-27T00:20:29","date_gmt":"2023-04-27T00:20:29","guid":{"rendered":"https:\/\/fleuristeatropabelladonna.com\/contactez-nous\/"},"modified":"2026-02-03T09:46:37","modified_gmt":"2026-02-03T09:46:37","slug":"contactez-nous","status":"publish","type":"page","link":"https:\/\/fleuristeatropabelladonna.com\/fr\/contactez-nous\/","title":{"rendered":"Contactez-nous"},"content":{"rendered":"\n<h3 class=\"wp-block-heading\">Nos heures d\u2019ouverture habituelles<\/h3>\n\n<p>Ferm\u00e9 le lundi et le mardi<\/p>\n\n<p>Mercredi de 12h \u00e0 17h<\/p>\n\n<p>Jeudi de 12h \u00e0 18h<\/p>\n\n<p>Vendredi et samedi de 10h \u00e0 18h<\/p>\n\n<p>Dimanche de 12h \u00e0 18h<\/p>\n\n<p>Ces heures peuvent varier les jours f\u00e9ri\u00e9s, ainsi qu\u2019au cours du mois d\u2019ao\u00fbt et du mois de janvier. Pour conna\u00eetre les heures d\u2019ouverture \u00e0 jour, veuillez consulter notre<a data-type=\"link\" data-id=\"https:\/\/www.google.com\/search?q=fleuriste+atropa+belladonna&amp;rlz=1C1CHBD_en-GBCA733CA733&amp;oq=fleuriste+atropa+belladonna&amp;gs_lcrp=EgZjaHJvbWUyBggAEEUYOTIGCAEQRRg9MgYIAhBFGD0yBggDEEUYQdIBCDM1ODJqMGoxqAIAsAIA&amp;sourceid=chrome&amp;ie=UTF-8&amp;bshm=rime\/1\" href=\"https:\/\/www.google.com\/maps\/place\/Fleuriste+Atropa+Belladonna\/@45.5223993,-73.6033914,17z\/data=!3m1!4b1!4m6!3m5!1s0x4cc91978e55553f5:0x28979603ff60fdd2!8m2!3d45.5223993!4d-73.6033914!16s%2Fg%2F11f1xmx02v?entry=ttu\"> <mark style=\"background-color:rgba(0, 0, 0, 0)\" class=\"has-inline-color has-vivid-cyan-blue-color\">fiche Google li\u00e9e ici<\/mark><\/a>. Ce lien vous m\u00e8nera directement \u00e0 notre fiche et \u00e0 notre emplacement sur la carte.<\/p>\n\n<p><\/p>\n\n<p><strong>Nos coordonn\u00e9es<\/strong><\/p>\n\n<div class=\"wp-block-jetpack-contact-info\">\n<div class=\"wp-block-jetpack-email\"><a href=\"mailto:Contact@fleuristeatropabelladonna.com\">Contact@fleuristeatropabelladonna.com<\/a><\/div>\n\n\n\n<div class=\"wp-block-jetpack-phone\"><a href=\"tel:4383871144\">438-387-1144<\/a><\/div>\n\n\n\n<div class=\"wp-block-jetpack-address\"><a href=\"https:\/\/www.google.com\/maps\/search\/Fleuriste+Atropa%20Belladonna,5602%20avenue%20du%20parc,+Montreal,+Quebec,+H2V%204H1+Canada\" target=\"_blank\" rel=\"noopener noreferrer\" title=\"Ouvrir l\u2019adresse dans Google Maps\"><div class=\"jetpack-address__address jetpack-address__address1\">Fleuriste Atropa Belladonna<\/div><div class=\"jetpack-address__address jetpack-address__address2\">5602 avenue du parc<\/div><div><span class=\"jetpack-address__city\">Montr\u00e9al<\/span>, <span class=\"jetpack-address__region\">Qu\u00e9bec<\/span> <span class=\"jetpack-address__postal\">H2V 4H1<\/span><\/div><div class=\"jetpack-address__country\">Canada<\/div><\/a><\/div>\n<\/div>\n\n<p><\/p>\n\n<p><strong>Sans frais pour le Canada et les \u00c9tats-Unis<\/strong><\/p>\n\n<div class=\"wp-block-jetpack-contact-info\">\n<div class=\"wp-block-jetpack-phone\"><a href=\"tel:18003871144\">1-800-387-1144<\/a><\/div>\n<\/div>\n\n<p>Nous vous remercions de votre patience face \u00e0 ce probl\u00e8me technique. Nous travaillons \u00e0 la configuration de la carte ci-dessous. Soyez assur\u00e9s que notre emplacement est \u00e0 Montr\u00e9al, et non \u00e0 Seattle. Si vous cliquez sur le lien de la fiche Google que nous avons mentionn\u00e9 ci-dessus, vous serez redirig\u00e9 vers Maps et notre emplacement.<\/p>\n<p><iframe src=\"https:\/\/www.google.com\/maps\/embed?pb=!1m18!1m12!1m3!1d2795.387706768857!2d-73.60596632327304!3d45.522403029552805!2m3!1f0!2f0!3f0!3m2!1i1024!2i768!4f13.1!3m3!1m2!1s0x4cc91978e55553f5%3A0x28979603ff60fdd2!2sFleuriste%20Atropa%20Belladonna!5e0!3m2!1sen!2sca!4v1763939140078!5m2!1sen!2sca\" width=\"800\" height=\"600\" style=\"border:0;\" allowfullscreen=\"\" loading=\"lazy\" referrerpolicy=\"no-referrer-when-downgrade\"><\/iframe><\/p>\n","protected":false},"excerpt":{"rendered":"<p>Nos heures d\u2019ouverture habituelles Ferm\u00e9 le lundi et le mardi Mercredi de 12h \u00e0 17h Jeudi de 12h \u00e0 18h Vendredi et samedi de 10h \u00e0 18h Dimanche de 12h \u00e0 18h Ces heures peuvent varier les jours f\u00e9ri\u00e9s, ainsi qu\u2019au cours du mois d\u2019ao\u00fbt et du mois de janvier. Pour conna\u00eetre les heures d\u2019ouverture [&hellip;]<\/p>\n","protected":false},"author":1,"featured_media":0,"parent":0,"menu_order":1,"comment_status":"closed","ping_status":"closed","template":"template-fullwidth.php","meta":{"om_disable_all_campaigns":false,"_monsterinsights_skip_tracking":false,"_monsterinsights_sitenote_active":false,"_monsterinsights_sitenote_note":"","_monsterinsights_sitenote_category":0,"_uf_show_specific_survey":0,"_uf_disable_surveys":false,"footnotes":""},"class_list":["post-3985","page","type-page","status-publish","hentry"],"aioseo_notices":[],"jetpack_sharing_enabled":true,"_links":{"self":[{"href":"https:\/\/fleuristeatropabelladonna.com\/fr\/wp-json\/wp\/v2\/pages\/3985","targetHints":{"allow":["GET"]}}],"collection":[{"href":"https:\/\/fleuristeatropabelladonna.com\/fr\/wp-json\/wp\/v2\/pages"}],"about":[{"href":"https:\/\/fleuristeatropabelladonna.com\/fr\/wp-json\/wp\/v2\/types\/page"}],"author":[{"embeddable":true,"href":"https:\/\/fleuristeatropabelladonna.com\/fr\/wp-json\/wp\/v2\/users\/1"}],"replies":[{"embeddable":true,"href":"https:\/\/fleuristeatropabelladonna.com\/fr\/wp-json\/wp\/v2\/comments?post=3985"}],"version-history":[{"count":1,"href":"https:\/\/fleuristeatropabelladonna.com\/fr\/wp-json\/wp\/v2\/pages\/3985\/revisions"}],"predecessor-version":[{"id":3986,"href":"https:\/\/fleuristeatropabelladonna.com\/fr\/wp-json\/wp\/v2\/pages\/3985\/revisions\/3986"}],"wp:attachment":[{"href":"https:\/\/fleuristeatropabelladonna.com\/fr\/wp-json\/wp\/v2\/media?parent=3985"}],"curies":[{"name":"wp","href":"https:\/\/api.w.org\/{rel}","templated":true}]}}